{"id":103,"date":"2016-10-14T20:33:08","date_gmt":"2016-10-14T20:33:08","guid":{"rendered":"http:\/\/scoelde09.de\/?page_id=103"},"modified":"2019-10-19T07:39:53","modified_gmt":"2019-10-19T07:39:53","slug":"sco-die-ruhmreiche-geschichte","status":"publish","type":"page","link":"http:\/\/scoelde09.de\/?page_id=103","title":{"rendered":"HISTORIE"},"content":{"rendered":"<h4><strong>Die ruhmreiche Geschichte des SC Oelde 09<\/strong><\/h4>\n<p><strong>6.6.1909 &#8211; 9.3.1990\u00a0<\/strong><\/p>\n<p style=\"text-align: justify;\"><strong>Borussia Dortmund, Schalke 04, SC Oelde 09. Dies sind ohne Zweifel die drei gr\u00f6\u00dften Fu\u00dfball-Vereine, die Westfalen und das Ruhrgebiet\u00a0jemals hervorgebracht haben. Der SCO steht in dieser Troika zwar nur auf Rang drei, doch hat auch er eine ruhmreiche Geschichte vorzuweisen; mit legend\u00e4ren Partien (wie dem 9:0 gegen SV Neuhaus 1931 oder dem Gewinn des Karl-Heinz-Overbeck-Ged\u00e4chtnispokals durch die SCO-B-Jugend 1988 auf der heimischen Moorwiese) und gro\u00dfen Spielern,\u00a0einige von ihnen sogar in gleich\u00a0mehrfacher Ausf\u00fchrung, wie etwa\u00a0die Heitkamps, Heylands, Fischers, Pinkerneile, Brorm\u00e4nner, Beckers, Rottkorts\u00a0und Kleinelangh\u00f6rster. Singul\u00e4r blieben hingegen Rahn und Bisping.<\/strong><\/p>\n<p><img loading=\"lazy\" decoding=\"async\" class=\"alignnone wp-image-618 \" src=\"http:\/\/scoelde09.de\/wp-content\/uploads\/2016\/10\/Ur-09er-Artikel-etwas-unscharf-Oktober-2016-300x285.jpg\" width=\"960\" height=\"912\" srcset=\"http:\/\/scoelde09.de\/wp-content\/uploads\/2016\/10\/Ur-09er-Artikel-etwas-unscharf-Oktober-2016-300x285.jpg 300w, http:\/\/scoelde09.de\/wp-content\/uploads\/2016\/10\/Ur-09er-Artikel-etwas-unscharf-Oktober-2016-768x730.jpg 768w, http:\/\/scoelde09.de\/wp-content\/uploads\/2016\/10\/Ur-09er-Artikel-etwas-unscharf-Oktober-2016-1024x974.jpg 1024w, http:\/\/scoelde09.de\/wp-content\/uploads\/2016\/10\/Ur-09er-Artikel-etwas-unscharf-Oktober-2016-1200x1141.jpg 1200w\" sizes=\"auto, (max-width: 709px) 85vw, (max-width: 909px) 67vw, (max-width: 1362px) 62vw, 840px\" \/><\/p>\n<hr \/>\n<p><strong>6. Juni 1909<\/strong><\/p>\n<p>Unter dem Namen &#8222;Sportclub Preu\u00dfen&#8220; wird der &#8222;Erste Oelder Fu\u00dfballverein&#8220;\u00a0gegr\u00fcndet. Die Anf\u00e4nge waren schwer. Fu\u00dfball wurde damals erst langsam popul\u00e4r und stie\u00df nicht nur bei westf\u00e4lischen Dickk\u00f6pfen auf gro\u00dfes Unverst\u00e4ndnis.<\/p>\n<p>In einem Artikel der Festschrift zum 50-j\u00e4hrigen Bestehen des SCO 1959 hei\u00dft es zu den Anf\u00e4ngen des SCO:<\/p>\n<p><em>&#8222;Auf jeden Fall geh\u00f6rte schon eine geh\u00f6rige Portion Mut dazu, vor 50 Jahren am Axtbach einen Fu\u00dfballverein auf die Beine zu stellen. Der in den St\u00e4dten als Modekrankheit verp\u00f6nte Rasensport, dessen Bazillus nur Narren infizieren konnte, durfte unm\u00f6glich zu einer \u00f6ffentlichen \u201aLandplage\u2019 werden. So dachten passionierte Fu\u00dfball-Widerst\u00e4ndler nicht nur im damals noch v\u00f6llig windstillen Oelde. (&#8230;)\u00a0Eine Handvoll vergessener Fu\u00dfballpioniere verdiente sich mit Bitt- und Bettelg\u00e4ngen um Platz und Spielraum die ersten Goldenen Sporen am Hofe eines \u201aheimlichen\u2019 K\u00f6nigs, der ohne die Opferbereitschaft und den Idealismus dieser Namenlosen nie im Leben h\u00e4tte Fu\u00dfballstaat machen k\u00f6nnen!&#8220;<\/em><\/p>\n<p>Und in einem Artikel der &#8222;Glocke&#8220;:<\/p>\n<p><em>&#8222;Aller Anfang ist schwer. Das erfuhr der 1909 gegr\u00fcndete erste Oelder Fu\u00dfballverein, der Sportclub Preu\u00dfen alsbald. Mehrfach musste der Platz gewechselt werden, weil die Grundst\u00fcckseigent\u00fcmer auf ihrem Grund die \u201arohen Fu\u00dfballspieler\u2019 nicht dulden wollten. Zuerst fanden Spiele auf der Hoffmannschen Wiese statt, die sp\u00e4ter Sommers Wiese zugeschlagen wurde. (\u2026 ) Dann traf man sich in Keitlinghausen zum Fu\u00dfballspiel, bevor die Mannschaft auf drei Pl\u00e4tzen an der Ennigerloher Stra\u00dfe gastierte. (\u2026) Es waren im \u00fcbrigen alles junge Leute, die sich f\u00fcrs Fu\u00dfballspiel begeisterten, und denen die \u00c4lteren so manchen Kn\u00fcppel zwischen die Beine warfen. Immerhin gelang es dem jungen Verein schlie\u00dflich doch, f\u00fcr l\u00e4ngere Zeit einen fast idealen Sportplatz in Bergeler zu finden, den der Bauer Westerlemke (bis 1915) zur Verf\u00fcgung stellte. Die Pachtsumme allerdings im Verh\u00e4ltnis zu den d\u00fcnnen Geldbeuteln der zwanzig jungen Vereinsmitglieder war nicht gering.&#8220;<\/em><\/p>\n<p><strong>19. Juli 1909 <\/strong><\/p>\n<figure id=\"attachment_620\" aria-describedby=\"caption-attachment-620\" style=\"width: 924px\" class=\"wp-caption alignnone\"><img loading=\"lazy\" decoding=\"async\" class=\"wp-image-620 \" src=\"http:\/\/scoelde09.de\/wp-content\/uploads\/2016\/10\/Urteam-1909-mit-Schrift-etwas-unscharf-Oktober-2016-300x198.jpg\" width=\"924\" height=\"610\" srcset=\"http:\/\/scoelde09.de\/wp-content\/uploads\/2016\/10\/Urteam-1909-mit-Schrift-etwas-unscharf-Oktober-2016-300x198.jpg 300w, http:\/\/scoelde09.de\/wp-content\/uploads\/2016\/10\/Urteam-1909-mit-Schrift-etwas-unscharf-Oktober-2016-768x508.jpg 768w, http:\/\/scoelde09.de\/wp-content\/uploads\/2016\/10\/Urteam-1909-mit-Schrift-etwas-unscharf-Oktober-2016-1024x677.jpg 1024w, http:\/\/scoelde09.de\/wp-content\/uploads\/2016\/10\/Urteam-1909-mit-Schrift-etwas-unscharf-Oktober-2016-1200x794.jpg 1200w\" sizes=\"auto, (max-width: 709px) 85vw, (max-width: 909px) 67vw, (max-width: 1362px) 62vw, 840px\" \/><figcaption id=\"caption-attachment-620\" class=\"wp-caption-text\">Quelle: &#8222;Die Glocke&#8220;<\/figcaption><\/figure>\n<p>In einem durch die &#8222;Glocke&#8220; erhaltenen Spielbericht eines der allerersten Spiele des noch nicht einmal zwei\u00a0Monate alten Vereins vom 19. Juli 1909 hei\u00dft es: &#8222;<em>Das gestern hier bei g\u00fcnstigstem Wetter veranstaltete Fu\u00dfballwettspiel zwischen dem erst k\u00fcrzlich ins Leben gerufenen Ballspielverein und dem Fu\u00dfballklub Beckum lockte eine gewaltige Zuschauermenge auf die Ennigerloher Chaussee. Der junge Oelder Verein kann auf seinen Erfolg recht stolz sein. Er nahm vier Tore, w\u00e4hrend der Beckumer Fu\u00dfballklub nur ein Tor erfochten hat.&#8220;<\/em><\/p>\n<p><strong>27. September 1909 <\/strong><\/p>\n<p>Johannes Warnecke wird\u00a0erstes schweres Verletzungsopfer des SCO. Die &#8222;Glocke&#8220; vermerkt\u00a0seinen <em>\u201eschweren Beinbruch bei einem Fu\u00dfballspiel\u201c.<\/em><\/p>\n<p><strong>6. Dez. 1909<\/strong><\/p>\n<p>Der SCO ist auf den Tag genau ein halbes Jahr alt. Die &#8222;Glocke&#8220; schreibt \u00fcber <em>\u201edas vorgestrige Wettspiel des Fu\u00dfballklubs Viktoria Ahlen und des Sportvereins Oelde, bei dem letzterer Club mit 3:0 siegreich blieb. (\u2026) Der Sieg war auf die gute Verteidigung und das gute Komponieren der St\u00fcrmerreihe zur\u00fcckzuf\u00fchren.\u201c<\/em><\/p>\n<p><strong>1910<\/strong><\/p>\n<p>Abtr\u00fcnnige \u201ePreu\u00dfen\u201c gr\u00fcnden einen weiteren Oelder Fu\u00dfballverein, die \u201eBritannia\u201c.<\/p>\n<p><strong>1911 <\/strong><\/p>\n<p>Zwei Fu\u00dfballvereine in einer Stadt von damals nicht einmal 7000 Einwohnern &#8211; das geht nicht gut. Im Wintergarten vom Hotel M\u00fchlenkamp kommt es zum &#8222;Fu\u00dfball-Burg-Frieden\u201c. Beide Vereine, &#8222;Preu\u00dfen&#8220; und &#8222;Britannia&#8220; schlie\u00dfen sich zum \u201eSC Oelde 09\u201c zusammen.<\/p>\n<figure id=\"attachment_953\" aria-describedby=\"caption-attachment-953\" style=\"width: 332px\" class=\"wp-caption alignnone\"><img loading=\"lazy\" decoding=\"async\" class=\"wp-image-953 \" src=\"http:\/\/scoelde09.de\/wp-content\/uploads\/2018\/01\/Flaskampwerbung4-300x222.jpg\" alt=\"\" width=\"332\" height=\"246\" \/><figcaption id=\"caption-attachment-953\" class=\"wp-caption-text\">War schon 1911 SCO-Stammlokal: Das &#8222;M\u00fchlenkamp&#8220;. Hier eine Anzeige aus sp\u00e4teren Jahren.<\/figcaption><\/figure>\n<p>In der SCO-Festschrift von 1959 hei\u00dft es dazu: <em>\u201eNur der Beredsamkeit des damaligen Gesch\u00e4ftsf\u00fchrers Remmermann (Hamm) war es zu verdanken, dass der \u201eFC Britannia\u201c seinen Platz beim Bauern D\u00e4mmer r\u00e4umte, der \u201eFC Preu\u00dfen\u201c schweren Herzens seinen Vereinsnamen aufgab, und die Parteig\u00e4nger beider Lager offiziell als \u201eNullneuner\u201c gemeinsam den schwarz-wei\u00dfen Fahneneid auf den &#8218;SC Oelde 09&#8216; leisteten.\u201c<\/em><\/p>\n<p>Und weiter: <em>\u201eAus dem H\u00e4uflein der 13 ersten Aufrechten (Rudolf Sch\u00f6ning, Hans Warnecke, Bernhard R\u00f6wekemper, H\u00f6ner, Josef Schlief, H\u00f6newinkel, Josef Wiegard, Meier, Quelle, Anton Overbeck, Leifeld, Termeer und Bretthauer) waren bis zum Ausbruch des Ersten Weltkrieges im August 1914 drei Mannschaften und 95 Mitglieder geworden.\u201c<\/em><\/p>\n<p><strong>1918 <\/strong><\/p>\n<p>Im Dezember schreibt die &#8222;Glocke&#8220;:\u00a0<em>\u201eDer Erste Weltkrieg schlug tiefe Wunden in das Leben. Erst einige Tage vor Weihnachten traf man sich wieder. Gerhard Haupt gedachte in einer kurzen Ansprache der f\u00fcr das Vaterland gefallenen Sportfreunde und gab der Hoffnung Ausdruck, dass mit Aufh\u00f6ren des Krieges ein reges Sportleben wieder aufleben m\u00f6ge.&#8220;<\/em><\/p>\n<p>Der SCO erh\u00e4lt einen neuen Vorstand: Gerhard Haupt (erster Vorsitzender), Hugo Braun (Kassierer), Overbeck (Ger\u00e4tewart), Sch\u00fcrmeyer, Tippkemper und Thinius (Spielkommission). Die Gesch\u00e4fte des Schriftf\u00fchrers\u00a0werden bis zur R\u00fcckkehr von Josef Zurkuhlen von Hugo Branz wahrgenommen. Zudem wird beschlossen, sich f\u00fcr 150 Mark Jahresmiete von Bauer D\u00fcding eine Wiese zu pachten.\u00a0Noch heute hei\u00dft die Stra\u00dfe, die von der Dicken Linde zur ehemaligen Moorwiese f\u00fchrt, &#8222;D\u00fcdings Weg&#8220;.<\/p>\n<p><strong>1919<\/strong><\/p>\n<p>Im M\u00e4rz wird die Wiese von Bauer D\u00fcding gepachtet. Die Geburtsstunde der \u201eMoorwiese.\u201c <em>&#8222;Der Moorwiesenbetrieb&#8220;<\/em>, so hei\u00dft es in der Festschrift von 1959, <em>&#8222;geriet allerdings ins Stocken, wenn ein <\/em><em>Fuhrwerk den Platz im Zuge der Stra\u00dfe diagonal \u00fcberquerte, wie es bei der damaligen Anlage ohne Umz\u00e4unung noch gang und g\u00e4be war.\u201c<\/em><\/p>\n<p><strong>1931<\/strong><\/p>\n<p>Der SCO gewinnt das legend\u00e4re Aufstiegsspiel gegen SV Neuhaus mit 9:0. In der 59er Festschrift hei\u00dft es: <em>\u201eMit Karl Westarp, Josef Wohlfahrt, Stephan K\u00f6nig, Theo Mersmann, Bernd Schlief, Fritz Strunck, Hugo Koerdt, Bruno R\u00fctten, Fritz Heermann, Richard Frohn und Georg Wecek \u00fcberwalzten die Gastgeber ihren Gegner sensationell hoch mit 9:0 Toren !!! \u2013 Ganz Fu\u00dfball-Oelde geriet aus dem H\u00e4uschen. Fritz Strunck war als sechsfacher Torsch\u00fctze Held des Tages und vertrat obendrein noch seinen Torwartkameraden Karl Westarp zwischen den Pfosten als gefeierter \u201eElfmetert\u00f6ter\u201c. Die Verlierer waren so entnervt, dass sie sich durch vorzeitige Aufgabe vor dem zweitselligen Waterloo retteten.&#8220;<\/em> (Vgl. zu diesem Spiel auch den Zeitzeugenbericht von Albert Uthoff im <a href=\"http:\/\/scoelde09.de\/?page_id=143\">Interview<\/a>.)<\/p>\n<figure id=\"attachment_635\" aria-describedby=\"caption-attachment-635\" style=\"width: 916px\" class=\"wp-caption alignnone\"><img loading=\"lazy\" decoding=\"async\" class=\"wp-image-635\" src=\"http:\/\/scoelde09.de\/wp-content\/uploads\/2016\/10\/Anerkennung-als-Sportverein-Oktober-2016-300x212.jpg\" alt=\"anerkennung-als-sportverein-oktober-2016\" width=\"916\" height=\"647\" srcset=\"http:\/\/scoelde09.de\/wp-content\/uploads\/2016\/10\/Anerkennung-als-Sportverein-Oktober-2016-300x212.jpg 300w, http:\/\/scoelde09.de\/wp-content\/uploads\/2016\/10\/Anerkennung-als-Sportverein-Oktober-2016.jpg 866w\" sizes=\"auto, (max-width: 709px) 85vw, (max-width: 909px) 67vw, (max-width: 1362px) 62vw, 840px\" \/><figcaption id=\"caption-attachment-635\" class=\"wp-caption-text\">Anerkennung des &#8222;Sportklub Oelde 09&#8220; (SKO) aus den 30er Jahren.<\/figcaption><\/figure>\n<figure id=\"attachment_636\" aria-describedby=\"caption-attachment-636\" style=\"width: 933px\" class=\"wp-caption alignnone\"><img loading=\"lazy\" decoding=\"async\" class=\" wp-image-636\" src=\"http:\/\/scoelde09.de\/wp-content\/uploads\/2016\/10\/Spielerpass-Alexander-Speith-Oktober-2016-300x208.jpg\" alt=\"Spielerpass von Alexander Speith aus dem jahr 1939. Damals dienste der Fu\u00dfball noch &quot;... &quot; Weitere P\u00e4sse und interessante Dokumente finden sie im Men\u00fc &quot;Dokumente&quot;\" width=\"933\" height=\"647\" srcset=\"http:\/\/scoelde09.de\/wp-content\/uploads\/2016\/10\/Spielerpass-Alexander-Speith-Oktober-2016-300x208.jpg 300w, http:\/\/scoelde09.de\/wp-content\/uploads\/2016\/10\/Spielerpass-Alexander-Speith-Oktober-2016-768x532.jpg 768w, http:\/\/scoelde09.de\/wp-content\/uploads\/2016\/10\/Spielerpass-Alexander-Speith-Oktober-2016-1024x710.jpg 1024w, http:\/\/scoelde09.de\/wp-content\/uploads\/2016\/10\/Spielerpass-Alexander-Speith-Oktober-2016-1200x832.jpg 1200w, http:\/\/scoelde09.de\/wp-content\/uploads\/2016\/10\/Spielerpass-Alexander-Speith-Oktober-2016.jpg 1274w\" sizes=\"auto, (max-width: 709px) 85vw, (max-width: 909px) 67vw, (max-width: 1362px) 62vw, 840px\" \/><figcaption id=\"caption-attachment-636\" class=\"wp-caption-text\">SCO-Spielerpass aus dem Jahr 1939. Damals dienten die &#8222;planvoll betriebenen Leibes\u00fcbungen&#8220; des Fu\u00dfballs noch &#8222;der leiblichen und charakterlichen Erziehung&#8220;. Weitere P\u00e4sse und Dokumente im Men\u00fc &#8222;<a href=\"http:\/\/scoelde09.de\/?page_id=279\">Dokumente<\/a>&#8222;.<strong><br \/><\/strong><\/figcaption><\/figure>\n<p style=\"text-align: left;\"><strong>Saison 1946\/47: Helmut Rahn spielt beim SCO<\/strong><\/p>\n<p>In der Festschrift zum 50. Jubil\u00e4um des Vereins hei\u00dft es: <em>\u201eDas neunzehnj\u00e4hrige &#8218;Vollbluttalent&#8216; war zwar nicht &#8218;meisterschaftsalleinentscheidend\u2019 wie als Paradepferd 1954 beim deutschen Weltmeisterschaftssieg in Bern, aber seine Bombensch\u00fcsse waren schon vor zehn Jahren eine Augenweide f\u00fcr den Kenner und bei allen gegnerischen Torh\u00fctern gef\u00fcrchtet!\u201c<\/em><\/p>\n<p>Dass Rahns &#8222;Bombensch\u00fcsse&#8220; auch beim Torwart des SCO gef\u00fcrchtet waren, dem er noch vor seiner Oelder Zeit\u00a0bei einem Gastspiel auf der Moorwiese sechs Z\u00e4hne ausbombte, erz\u00e4hlt Helmut Rahn in seiner <a href=\"http:\/\/scoelde09.de\/?page_id=170\">Autobiografie<\/a>: &#8222;Mein Hobby: Tore schie\u00dfen&#8220;).<\/p>\n<figure id=\"attachment_623\" aria-describedby=\"caption-attachment-623\" style=\"width: 513px\" class=\"wp-caption aligncenter\"><img loading=\"lazy\" decoding=\"async\" class=\"wp-image-623\" src=\"http:\/\/scoelde09.de\/wp-content\/uploads\/2016\/10\/Rahn-Widmund-Festschrift-Oktober-2016-204x300.jpg\" alt=\"\" width=\"513\" height=\"755\" srcset=\"http:\/\/scoelde09.de\/wp-content\/uploads\/2016\/10\/Rahn-Widmund-Festschrift-Oktober-2016-204x300.jpg 204w, http:\/\/scoelde09.de\/wp-content\/uploads\/2016\/10\/Rahn-Widmund-Festschrift-Oktober-2016-768x1130.jpg 768w, http:\/\/scoelde09.de\/wp-content\/uploads\/2016\/10\/Rahn-Widmund-Festschrift-Oktober-2016-696x1024.jpg 696w, http:\/\/scoelde09.de\/wp-content\/uploads\/2016\/10\/Rahn-Widmund-Festschrift-Oktober-2016.jpg 921w\" sizes=\"auto, (max-width: 513px) 85vw, 513px\" \/><figcaption id=\"caption-attachment-623\" class=\"wp-caption-text\">Widmung Rahns in einer SCO-Festschrift<\/figcaption><\/figure>\n<p>In der Festschrift hei\u00dft es, Rahn habe in der Saison 1949\/50 beim SCO gespielt, vermutlich ist diese Angabe aber ein Irrtum. Der <a href=\"https:\/\/de.wikipedia.org\/wiki\/SC_Oelde_09\">Wikipedia<\/a>-Eintrag zum SCO spricht vom Jahr 1946, und auch Zeitzeuge Albert Uthoff sagt in seinem <a href=\"http:\/\/scoelde09.de\/?page_id=143\">Interview<\/a>, Rahn habe noch &#8222;vor der W\u00e4hrungsreform&#8220; beim SCO gespielt.<\/p>\n<p><strong>1955<\/strong><\/p>\n<p>Am 27. Juni macht der frisch gebackene Deutsche Meister Helmut Rahn, aus Hannover kommend, Zwischenstation in Oelde. Der D-Zug h\u00e4lt au\u00dferplanm\u00e4\u00dfig extra in Oelde, damit unserem Helmut Geschenke ins Zugabteil gereicht werden k\u00f6nnen.<\/p>\n<p><img loading=\"lazy\" decoding=\"async\" class=\"wp-image-1166 aligncenter\" src=\"http:\/\/scoelde09.de\/wp-content\/uploads\/2018\/01\/Wie-Oelde-durch-Rahn-zur-D-Zug-Station-wurde-238x300.jpg\" alt=\"\" width=\"534\" height=\"672\" srcset=\"http:\/\/scoelde09.de\/wp-content\/uploads\/2018\/01\/Wie-Oelde-durch-Rahn-zur-D-Zug-Station-wurde-238x300.jpg 238w, http:\/\/scoelde09.de\/wp-content\/uploads\/2018\/01\/Wie-Oelde-durch-Rahn-zur-D-Zug-Station-wurde.jpg 681w\" sizes=\"auto, (max-width: 534px) 85vw, 534px\" \/><\/p>\n<p>Auch diese Anekdote erw\u00e4hnt Helmut Rahn in seiner <a href=\"http:\/\/scoelde09.de\/?page_id=170\">Autobiografie<\/a>.<\/p>\n<p><strong>Mai 1960<\/strong><\/p>\n<p>Rudolf Haver wird 1. Vorsitzender des SCO. Nachdem Rudolf Haver sich schon vorher sehr um den Verein verdient gemacht hatte (und z.B. Helmut Rahn an den Axtbach lockte), beginnt nun ein Engagement, das den Verein nachhaltig professionalisiert. Havers Vereinsvorsitz w\u00e4hrt bis Dezember 1969; f\u00fcr den SCO sind die 60er dank\u00a0ihm eine segensreiche Zeit.<\/p>\n<p><strong>8. September 1962<\/strong><\/p>\n<p><img loading=\"lazy\" decoding=\"async\" class=\"alignnone wp-image-627 \" src=\"http:\/\/scoelde09.de\/wp-content\/uploads\/2016\/10\/Bau-Moorwiese-Oktober-2016-300x85.jpg\" width=\"851\" height=\"241\" srcset=\"http:\/\/scoelde09.de\/wp-content\/uploads\/2016\/10\/Bau-Moorwiese-Oktober-2016-300x85.jpg 300w, http:\/\/scoelde09.de\/wp-content\/uploads\/2016\/10\/Bau-Moorwiese-Oktober-2016-768x218.jpg 768w, http:\/\/scoelde09.de\/wp-content\/uploads\/2016\/10\/Bau-Moorwiese-Oktober-2016-1024x291.jpg 1024w, http:\/\/scoelde09.de\/wp-content\/uploads\/2016\/10\/Bau-Moorwiese-Oktober-2016-1200x341.jpg 1200w\" sizes=\"auto, (max-width: 709px) 85vw, (max-width: 909px) 67vw, (max-width: 1362px) 62vw, 840px\" \/><\/p>\n<p>Zu\u00a0den ersten gro\u00dfen Ver\u00e4nderungen unter der \u00c4gide von Rudolf Haver geh\u00f6rt die Umwandlung der Moorwiese von einer Moorwiese in einen\u00a0professionellen Ascheplatz. &#8222;Die Glocke&#8220; schreibt am 07. September:<\/p>\n<p><em>\u201eMit Hochdruck werden die Bauarbeiten auf der Oelder Moorwiese vorangetrieben, um den Platz bis kommenden Sonntag beim Meisterschaftsspiel des SC Oelde gegen Ennigerloh in neuem Glanz erstrahlen zu lassen. Was noch vor zwei Jahren (&#8230;) wie ein Wunschtraum erschien, ist inzwischen Wirklichkeit geworden. Mit einem Kostenaufwand von 100.000 DM (&#8230;) entstand in der Rekordzeit von drei Monaten eine Hartplatzanlage, die nur noch den Namen Moorwiese mit dem t\u00fcckischen und eigenwilligen Spielgrund unseligen Angedenkens gemeinsam hat\u2026. &#8222;<\/em>.<\/p>\n<figure id=\"attachment_123\" aria-describedby=\"caption-attachment-123\" style=\"width: 794px\" class=\"wp-caption aligncenter\"><img loading=\"lazy\" decoding=\"async\" class=\"wp-image-123\" src=\"http:\/\/scoelde09.de\/wp-content\/uploads\/2016\/10\/Erstes-Training-1962-neu-Oktober2016-300x243.jpg\" alt=\"erstes-training-1962-neu-oktober2016\" width=\"794\" height=\"644\" srcset=\"http:\/\/scoelde09.de\/wp-content\/uploads\/2016\/10\/Erstes-Training-1962-neu-Oktober2016-300x243.jpg 300w, http:\/\/scoelde09.de\/wp-content\/uploads\/2016\/10\/Erstes-Training-1962-neu-Oktober2016.jpg 742w\" sizes=\"auto, (max-width: 794px) 85vw, 794px\" \/><figcaption id=\"caption-attachment-123\" class=\"wp-caption-text\">Quelle: &#8222;Die Glocke&#8220; vom 8.9.1962<\/figcaption><\/figure>\n<p><strong>16. September 1963 <\/strong><\/p>\n<p>Die Moorwiese erh\u00e4lt von <a href=\"http:\/\/www.haverboecker.com\">Haver&amp;Boecker<\/a> gesponserte Flutlichtmasten.<\/p>\n<figure id=\"attachment_111\" aria-describedby=\"caption-attachment-111\" style=\"width: 913px\" class=\"wp-caption alignnone\"><img loading=\"lazy\" decoding=\"async\" class=\"wp-image-111\" src=\"http:\/\/scoelde09.de\/wp-content\/uploads\/2016\/10\/Totaleunbeh300dpi014-300x214.jpg\" alt=\"totaleunbeh300dpi014\" width=\"913\" height=\"651\" srcset=\"http:\/\/scoelde09.de\/wp-content\/uploads\/2016\/10\/Totaleunbeh300dpi014-300x214.jpg 300w, http:\/\/scoelde09.de\/wp-content\/uploads\/2016\/10\/Totaleunbeh300dpi014-768x548.jpg 768w, http:\/\/scoelde09.de\/wp-content\/uploads\/2016\/10\/Totaleunbeh300dpi014-1024x730.jpg 1024w, http:\/\/scoelde09.de\/wp-content\/uploads\/2016\/10\/Totaleunbeh300dpi014-1200x855.jpg 1200w\" sizes=\"auto, (max-width: 709px) 85vw, (max-width: 909px) 67vw, (max-width: 1362px) 62vw, 840px\" \/><figcaption id=\"caption-attachment-111\" class=\"wp-caption-text\">Dank Rudolf Haver wurde aus der Moorwiese ein richtiger Fu\u00dfballplatz mit Flutlichtmasten.<\/figcaption><\/figure>\n<p><strong>1. Januar 1966<\/strong><\/p>\n<p>Die <a href=\"http:\/\/www.oelde.de\">Stadt Oelde<\/a> \u00fcbernimmt das Clubheim und die gesamte Platzanlage. Die Eigenst\u00e4ndigkeit des Vereins bleibt erhalten. Inge Heyland beginnt mit dem Verkauf ihres legend\u00e4ren Malzbiers f\u00fcr eine Mark zehn.<\/p>\n<p><strong>1984<\/strong><\/p>\n<p>In einer rauschenden Ballnacht wird bei viel Malz- und Oelder Bier der 75. des Vereins gefeiert. Helmut Rahn kommt als Ehrengast.<\/p>\n<p><strong>9. M\u00e4rz 1990<\/strong><\/p>\n<p>Um f\u00fcnf Minuten vor 22 Uhr wird die &#8222;Spielvereinigung Oelde&#8220; gegr\u00fcndet.<\/p>\n<figure id=\"attachment_115\" aria-describedby=\"caption-attachment-115\" style=\"width: 730px\" class=\"wp-caption aligncenter\"><img loading=\"lazy\" decoding=\"async\" class=\"wp-image-115\" src=\"http:\/\/scoelde09.de\/wp-content\/uploads\/2016\/10\/Artikel-Spielvereinigung-neu-Oktober-2016-300x151.jpg\" alt=\"artikel-spielvereinigung-neu-oktober-2016\" width=\"730\" height=\"367\" srcset=\"http:\/\/scoelde09.de\/wp-content\/uploads\/2016\/10\/Artikel-Spielvereinigung-neu-Oktober-2016-300x151.jpg 300w, http:\/\/scoelde09.de\/wp-content\/uploads\/2016\/10\/Artikel-Spielvereinigung-neu-Oktober-2016-768x387.jpg 768w, http:\/\/scoelde09.de\/wp-content\/uploads\/2016\/10\/Artikel-Spielvereinigung-neu-Oktober-2016-1024x516.jpg 1024w, http:\/\/scoelde09.de\/wp-content\/uploads\/2016\/10\/Artikel-Spielvereinigung-neu-Oktober-2016-1200x605.jpg 1200w, http:\/\/scoelde09.de\/wp-content\/uploads\/2016\/10\/Artikel-Spielvereinigung-neu-Oktober-2016.jpg 1610w\" sizes=\"auto, (max-width: 730px) 85vw, 730px\" \/><figcaption id=\"caption-attachment-115\" class=\"wp-caption-text\">Artikel aus der &#8222;Glocke&#8220; \u00fcber die Neugr\u00fcndung der &#8222;Spielvereinigung Oelde&#8220;<\/figcaption><\/figure>\n<p>Zuvor war noch \u00fcber alternative Namensvorschl\u00e4ge debattiert worden, doch, so die Glocke,\u00a0&#8222;der von beiden ehemaligen Vorst\u00e4nden ausgearbeitete Vorschlag &#8222;Sportclub Eintracht Oelde 09\/59&#8220;\u00a0rauschte (&#8230;) den Bach runter. &#8222;Sportvereinigung Oelde 09&#8220; war mit 117 Stimmen eindeutiger Favorit der Gr\u00fcndungsversammlung!\u201c Schlie\u00dflich hei\u00dft der neue Verein jedoch &#8222;Spielvereinigung Oelde 1990 e.V.&#8220; Die &#8222;Glocke&#8220;: &#8222;Das neue Kind war wohlbehalten auf der Welt.&#8220;<\/p>\n<p>Und der SCO war Geschichte.<\/p>\n","protected":false},"excerpt":{"rendered":"<p>Die ruhmreiche Geschichte des SC Oelde 09 6.6.1909 &#8211; 9.3.1990\u00a0 Borussia Dortmund, Schalke 04, SC Oelde 09. Dies sind ohne Zweifel die drei gr\u00f6\u00dften Fu\u00dfball-Vereine, die Westfalen und das Ruhrgebiet\u00a0jemals hervorgebracht haben. Der SCO steht in dieser Troika zwar nur auf Rang drei, doch hat auch er eine ruhmreiche Geschichte vorzuweisen; mit legend\u00e4ren Partien (wie &hellip; <a href=\"http:\/\/scoelde09.de\/?page_id=103\" class=\"more-link\"><span class=\"screen-reader-text\">\u201eHISTORIE\u201c <\/span>weiterlesen<\/a><\/p>\n","protected":false},"author":1,"featured_media":0,"parent":0,"menu_order":0,"comment_status":"closed","ping_status":"closed","template":"","meta":{"footnotes":""},"class_list":["post-103","page","type-page","status-publish","hentry"],"_links":{"self":[{"href":"http:\/\/scoelde09.de\/index.php?rest_route=\/wp\/v2\/pages\/103","targetHints":{"allow":["GET"]}}],"collection":[{"href":"http:\/\/scoelde09.de\/index.php?rest_route=\/wp\/v2\/pages"}],"about":[{"href":"http:\/\/scoelde09.de\/index.php?rest_route=\/wp\/v2\/types\/page"}],"author":[{"embeddable":true,"href":"http:\/\/scoelde09.de\/index.php?rest_route=\/wp\/v2\/users\/1"}],"replies":[{"embeddable":true,"href":"http:\/\/scoelde09.de\/index.php?rest_route=%2Fwp%2Fv2%2Fcomments&post=103"}],"version-history":[{"count":64,"href":"http:\/\/scoelde09.de\/index.php?rest_route=\/wp\/v2\/pages\/103\/revisions"}],"predecessor-version":[{"id":1242,"href":"http:\/\/scoelde09.de\/index.php?rest_route=\/wp\/v2\/pages\/103\/revisions\/1242"}],"wp:attachment":[{"href":"http:\/\/scoelde09.de\/index.php?rest_route=%2Fwp%2Fv2%2Fmedia&parent=103"}],"curies":[{"name":"wp","href":"https:\/\/api.w.org\/{rel}","templated":true}]}}