{"id":133,"date":"2016-10-14T21:08:27","date_gmt":"2016-10-14T21:08:27","guid":{"rendered":"http:\/\/scoelde09.de\/?page_id=133"},"modified":"2023-06-21T08:17:56","modified_gmt":"2023-06-21T08:17:56","slug":"impressum","status":"publish","type":"page","link":"http:\/\/scoelde09.de\/?page_id=133","title":{"rendered":"DANKE SCO"},"content":{"rendered":"<hr \/>\n<h4 style=\"margin: 0cm; margin-bottom: .0001pt; line-height: 150%;\"><strong>F\u00fcr die sch\u00f6ne Zeit beim SCO und die Unterst\u00fctzung beim Erstellen dieser Hom(mag)epage m\u00f6chte ich mich sehr herzlich bedanken bei<\/strong><\/h4>\n<p><strong><img loading=\"lazy\" decoding=\"async\" class=\"wp-image-163 alignleft\" src=\"http:\/\/scoelde09.de\/wp-content\/uploads\/2016\/10\/Wimpel_ganz_neu-Oktober-2016-145x300.jpg\" alt=\"wimpel_ganz_neu-oktober-2016\" width=\"367\" height=\"759\" srcset=\"http:\/\/scoelde09.de\/wp-content\/uploads\/2016\/10\/Wimpel_ganz_neu-Oktober-2016-145x300.jpg 145w, http:\/\/scoelde09.de\/wp-content\/uploads\/2016\/10\/Wimpel_ganz_neu-Oktober-2016-496x1024.jpg 496w\" sizes=\"auto, (max-width: 367px) 85vw, 367px\" \/><\/strong><\/p>\n<p><strong>Karl Heyland<\/strong> f\u00fcr seine Hilfe beim Erstellen der Seite, insbesondere f\u00fcr das Suchen, Aufsp\u00fcren und Einsammeln des Foto- und Quellmaterials.<\/p>\n<p><strong>Inge Heyland<\/strong>, seiner Mutter, f\u00fcr das kalte Malzbier nach Heimspiel und Training f\u00fcr eine Mark zehn.<\/p>\n<p><strong>Albert Uthoff (\u2020)<\/strong> f\u00fcr das sch\u00f6ne Interview.<\/p>\n<p><strong>J\u00f6rg Staubach<\/strong> von der &#8222;Glocke&#8220; f\u00fcr die unkomplizierte Freigabe der Fotos und Artikel.<\/p>\n<p><strong>Hansi Becker<\/strong>, dem besten Jugendtrainer aller Zeiten, und allen anderen ehrenamtlichen SCOlern, die immer alles gegeben haben.<\/p>\n<p><strong>Rainer Flaskamp, Klaus Brormann, J\u00f6rg Schr\u00f6der, Oliver Kleineidam,<\/strong> <strong>Hennes Diekemper,<\/strong> <strong>Tobias Predeick, Manfred Koerdt, Helmut Krefeld\u00a0<\/strong> f\u00fcr die sch\u00f6nen Fotos und Dokumente, <strong>Nicola Aselmann<\/strong> f\u00fcr die grafische Hilfe bei der Gestaltung der Moorwiese-Dauerkarten sowie <strong>Markus Lange<\/strong> f\u00fcr die herrliche SCO-Jacke.<\/p>\n\n\n<p><\/p>\n","protected":false},"excerpt":{"rendered":"<p>F\u00fcr die sch\u00f6ne Zeit beim SCO und die Unterst\u00fctzung beim Erstellen dieser Hom(mag)epage m\u00f6chte ich mich sehr herzlich bedanken bei Karl Heyland f\u00fcr seine Hilfe beim Erstellen der Seite, insbesondere f\u00fcr das Suchen, Aufsp\u00fcren und Einsammeln des Foto- und Quellmaterials. Inge Heyland, seiner Mutter, f\u00fcr das kalte Malzbier nach Heimspiel und Training f\u00fcr eine Mark &hellip; <a href=\"http:\/\/scoelde09.de\/?page_id=133\" class=\"more-link\"><span class=\"screen-reader-text\">\u201eDANKE SCO\u201c <\/span>weiterlesen<\/a><\/p>\n","protected":false},"author":1,"featured_media":0,"parent":0,"menu_order":0,"comment_status":"closed","ping_status":"closed","template":"","meta":{"footnotes":""},"class_list":["post-133","page","type-page","status-publish","hentry"],"_links":{"self":[{"href":"http:\/\/scoelde09.de\/index.php?rest_route=\/wp\/v2\/pages\/133","targetHints":{"allow":["GET"]}}],"collection":[{"href":"http:\/\/scoelde09.de\/index.php?rest_route=\/wp\/v2\/pages"}],"about":[{"href":"http:\/\/scoelde09.de\/index.php?rest_route=\/wp\/v2\/types\/page"}],"author":[{"embeddable":true,"href":"http:\/\/scoelde09.de\/index.php?rest_route=\/wp\/v2\/users\/1"}],"replies":[{"embeddable":true,"href":"http:\/\/scoelde09.de\/index.php?rest_route=%2Fwp%2Fv2%2Fcomments&post=133"}],"version-history":[{"count":45,"href":"http:\/\/scoelde09.de\/index.php?rest_route=\/wp\/v2\/pages\/133\/revisions"}],"predecessor-version":[{"id":1407,"href":"http:\/\/scoelde09.de\/index.php?rest_route=\/wp\/v2\/pages\/133\/revisions\/1407"}],"wp:attachment":[{"href":"http:\/\/scoelde09.de\/index.php?rest_route=%2Fwp%2Fv2%2Fmedia&parent=133"}],"curies":[{"name":"wp","href":"https:\/\/api.w.org\/{rel}","templated":true}]}}