{"id":143,"date":"2016-10-14T21:22:55","date_gmt":"2016-10-14T21:22:55","guid":{"rendered":"http:\/\/scoelde09.de\/?page_id=143"},"modified":"2018-01-30T08:39:16","modified_gmt":"2018-01-30T08:39:16","slug":"sco-das-interview","status":"publish","type":"page","link":"http:\/\/scoelde09.de\/?page_id=143","title":{"rendered":"INTERVIEW"},"content":{"rendered":"<h4>&#8222;DER Rahn war immer nur eis am lutschen. arbeiten hatte der keine laune dran.&#8220;<\/h4>\n<h4><strong>Interview mit Albert Uthoff (1916 &#8211; 2017) aus dem Jahr 2006<br \/>\n<\/strong><\/h4>\n<figure id=\"attachment_707\" aria-describedby=\"caption-attachment-707\" style=\"width: 322px\" class=\"wp-caption alignright\"><img loading=\"lazy\" decoding=\"async\" class=\"wp-image-707\" src=\"http:\/\/scoelde09.de\/wp-content\/uploads\/2016\/10\/Albwrt-Uthoff-SW-200x300.jpg\" alt=\"\" width=\"322\" height=\"484\" srcset=\"http:\/\/scoelde09.de\/wp-content\/uploads\/2016\/10\/Albwrt-Uthoff-SW-200x300.jpg 200w, http:\/\/scoelde09.de\/wp-content\/uploads\/2016\/10\/Albwrt-Uthoff-SW-768x1152.jpg 768w, http:\/\/scoelde09.de\/wp-content\/uploads\/2016\/10\/Albwrt-Uthoff-SW-682x1024.jpg 682w, http:\/\/scoelde09.de\/wp-content\/uploads\/2016\/10\/Albwrt-Uthoff-SW.jpg 1181w\" sizes=\"auto, (max-width: 322px) 85vw, 322px\" \/><figcaption id=\"caption-attachment-707\" class=\"wp-caption-text\">Albert Uthoff (1916 &#8211; 2017)<\/figcaption><\/figure>\n<p style=\"text-align: justify;\"><strong>Albert Uthoff hat den\u00a0SCO seit den sp\u00e4ten 20er Jahren bis zur\u00a0 Fusion mit Eintracht Oelde zur <a href=\"http:\/\/www.sv-oelde.de\/\">\u201eSpielvereinigung Oelde\u201c<\/a> 1990 begleitet. Der im Jahr 2017 verstorbene Uthoff hat in seiner Jugend als Linker L\u00e4ufer gemeinsam mit Conny Grieskamp beim SCO auf der Moorwiese, die ihrem Namen damals noch alle Ehre machte,\u00a0gekickt. Doch schon bald musste\u00a0er den SCO in Richtung &#8222;Germania Stromberg&#8220; verlassen, da er in Stromberg seine\u00a0Lehre als Schmied\u00a0antrat.<\/strong><\/p>\n<p style=\"text-align: justify;\"><strong>Dem Fu\u00dfball blieb Albert Uthoff sogar w\u00e4hrend des Krieges treu, als er bei der &#8222;Luftwaffe Nord&#8220;, mal in M\u00fcnchen, mal in Berlin, gegen andere Luftwaffenteams spielte. Nach dem Krieg\u00a0arbeitete Albert Uthoff bei der Autobahnmeisterei in Oelde, nur wenige hundert Meter von der Moorwiese entfernt\u2026 <\/strong><strong>Er kehrte zu &#8222;seinem&#8220; SCO\u00a0zur\u00fcck und hat die H\u00f6hen und Tiefen des\u00a0ruhmreichen Vereins\u00a0treuen Herzens miterlebt.<\/strong><\/p>\n<p>&nbsp;<\/p>\n<hr \/>\n<p><strong>Lieber Herr Uthoff; Sie sind heute \u00fcber 90 Jahre alt und damit \u00e4lter als es der SCO jemals geworden ist. Welche Erinnerungen haben Sie noch an Ihre Anf\u00e4nge beim SCO?<\/strong><\/p>\n<p>Ich hab damals in der Sch\u00fcler gespielt beim SCO, gar nicht so lange, weil dann kam ich in die Lehre nach Stromberg. Da habe ich Schmied gelernt. Dann hab ich drei Jahre in Stromberg gespielt, und dann kam schon bald der Krieg, und da war es ganz aus mit Fu\u00dfball.<\/p>\n<p><strong>Haben Sie damals schon auf der Moorwiese gespielt?<\/strong><\/p>\n<p>Ja, auf der Moorwiese! D\u00fcding war der Bauer, dem geh\u00f6rte die Wiese. Der hatte das Land aber auch nur gepachtet. Das geh\u00f6rte ja alles hier, aus Ostenfelde, dem Grafen. Das war kein Eigentum vom D\u00fcding. Und der Verein hat es dann sp\u00e4ter gekauft.<\/p>\n<p><strong>Wie sah die Moorwiese damals aus?<\/strong><\/p>\n<p><img loading=\"lazy\" decoding=\"async\" class=\"wp-image-611 alignleft\" src=\"http:\/\/scoelde09.de\/wp-content\/uploads\/2016\/10\/Uthoff-Team-SW-Oktober-2016-300x272.jpg\" width=\"361\" height=\"328\" srcset=\"http:\/\/scoelde09.de\/wp-content\/uploads\/2016\/10\/Uthoff-Team-SW-Oktober-2016-300x272.jpg 300w, http:\/\/scoelde09.de\/wp-content\/uploads\/2016\/10\/Uthoff-Team-SW-Oktober-2016.jpg 357w\" sizes=\"auto, (max-width: 361px) 85vw, 361px\" \/>Die war immer so\u2019n bisschen moorig, und wenn\u2019s regnete, lag da immer der Schlamm drauf. Das war schon schlimm. Das war wirklich schlimm! Das war ja nicht Rasen, das war nicht Asche, das war: Erde. Das war so matschig, da war manchmal kaum zu spielen. Und dann waren da noch K\u00fche drauf, da mussten wir die K\u00fche runter treiben, die kamen dann in den Stall zum Melken, und dann haben wir da Fu\u00dfball gespielt. Die Kuhfladen mussten wir wegmachen. Da kamen se mit Eimern und Sch\u00fcppen und mussten das wegmachen. Die Spieler selbst! Ne Kuhwiese war das! Und da war auch kein Zaun drum. Das war eingekreidet, mit so Strichen, und das war alles. Tore standen da, das waren aber nur zwei Stangen, da gab es ja keine Netze. Und das Gras war immer kurz, weil da waren ja immer die K\u00fche, da konnte das Gras ja nicht hoch sein (lacht). Und weil die Moorwiese immer so matschig war, waren meine Eltern auch immer dagegen, dass ich da spielte. Da kamen wir immer wieder wie so\u2019n Schwein. Das war ja nicht wie heute, da gab\u2019s ja nicht mit Dusche\u2026 Wir gingen ja unter die Pumpe. Da musste einer pumpen, und dann die anderen drunter gestellt und abgewaschen.<\/p>\n<p><strong>Und die war an der Moorwiese, die Pumpe?<\/strong><\/p>\n<p>Ja, die war an der Wiese, hinten. Aber wir sind immer so dreckig nach Hause und dann hier unter die Pumpe. Wir hatten ja ne Pumpe inne K\u00fcche stehen. Da kam dann die Mama, die hat dann cheholfen.<\/p>\n<p><strong>H\u00f6rt sich ziemlich abenteuerlich an\u2026<\/strong><\/p>\n<p>Ja, das war ja damals nicht so, dass man sich da gro\u00df anmelden musste oder dass man einen Pass haben musste, das gab\u2019s ja \u00fcberhaupt nicht. Und auch mit der Ausr\u00fcstung: Schuhe wurden damals oft von \u00e4lteren Spielern an j\u00fcngere weiter verschenkt. Ich wei\u00df noch, ich hab ein Paar Schuhe von Richard Frohn gekriegt. Der wohnte hier, der spielte Linksau\u00dfen, Richard Frohn. Da wollten meine Eltern das nicht haben, dass ich Fu\u00dfball spielte wegen der Knochenbr\u00fcche und der Fu\u00dfbr\u00fcche. \u201eLasst den Jungen doch spielen!\u201c hat der Richard Frohn da gesagt, \u201eder kriegt auch von mir ein Paar Schuhe!\u201c So fing das an! Das war auch ne sch\u00f6ne Zeit. Und da waren dann immer so Liebhaber, die haben die Fahrten zu den Ausw\u00e4rtsspielen bezahlt, nach Ahlen\u2026<\/p>\n<p><strong>Es gab also damals schon Schlachtenbummler? Wie sind die denn gebummelt? Mit dem Auto?<\/strong><\/p>\n<p>Meistens mit dem Zug. Autos chab\u2019s da ja hier noch gar nicht (lacht). Oder wenige! Wenige! Und da waren auch nicht so viele Leute. Und dann fing das mit dem Handball an, da waren die Oelder ja auch stark. Da ging man morgens erst zum Handballplatz und nachmittags dann zum SCO-Platz. Damals hat der SCO kaum ein Spiel verloren, die waren immer gut. Das waren so die 30er Jahre. Die erste Mannschaft war ja in der Oberliga, sagte man damals, die spielten gegen Bielefelder Vereine, gegen Lemgo, gegen Paderborn, Lippstadt, Ch\u00fctersloh und Beckum. Das war, als ich in der Sch\u00fcler war.<\/p>\n<p><strong>Was war denn damals das interessanteste\u00a0westf\u00e4lische Derby? Die Spiele gegen Ahlen? Oder gegen Beckum?<\/strong><\/p>\n<p>Beckum\u00a0gegen Oelde, das\u00a0war immer wunderbar! Damals konnte Beckum hier nicht gewinnen. Damals, als der Fritz Strunck hier Mittelst\u00fcrmer war. Die Frau Sperl, das war seine Schwester!<\/p>\n<p><strong>Fritz Strunck?<\/strong><\/p>\n<p>Ja, Fritz Strunck, der ist chanz wenig bekannt. Da wird gar nicht von chesprochen, weil der leider gefallen ist. Das war der beste St\u00fcrmer, den sie je gehabt haben, au\u00dfer Rahn. Der hat aber nur ein paar Jahre gespielt, dann wurde der Soldat, der kam zu den Fliegern, und der ist dann gleich bei den ersten Fl\u00fcgen umgekommen. Das war der beste Mittelst\u00fcrmer, den sie je hatten.<\/p>\n<p><strong>Aus der Zeit in den 30er Jahren ist der 9:0-Sieg gegen SV Neuhaus ber\u00fchmt geworden. Haben Sie das Spiel damals miterlebt?<\/strong><\/p>\n<p>Aaahhh! Da hat der Strunck sieben Tore geschossen! Ein Tor mit der Hacke! Das wei\u00df ich noch. Das war ein Aufstiegsspiel. Das war was Besonderes! Da war der ganze Platz voll Leute. Da ist sehr viel dr\u00fcber chesprochen worden. Das war eine Mannschaft, die hat kaum je verloren. Und der Strunck ging ja sp\u00e4ter von Oelde weg, nach Ahlen. Der hatte da dann ne Kneipe. Und eine in Oelde, in der Bultstra\u00dfe.<\/p>\n<p><strong>Fritz Strunck ist heute leider weitgehend vergessen. Der Gr\u00f6\u00dfte, den der SCO je hatte, war wohl Helmut Rahn\u2026<\/strong><\/p>\n<p>Helmut Rahn, ich glaube der hat 47\/48 hier gespielt. Die W\u00e4hrung kam doch 48 oder? Der hat jedenfalls vor der W\u00e4hrungsreform hier gespielt.<\/p>\n<p><strong>Haben Sie den \u201eBoss\u201c damals kennen gelernt?<\/strong><\/p>\n<p>Ach, der war immer so umlagert, da kam man gar nicht dran. Aber der stand hier immer inne Stadt und war Eis am lutschen! Arbeiten hatte der keine Laune dran, ne!? Der hatte ja keine Lust am Arbeiten (lacht)! Aber wenn der einen Fu\u00dfball sah, dann war der nicht zu halten. Und wenn der Platz noch nicht offen war, dann stieg der oben \u00fcber\u2019n Zaun. Und seinen F\u00fchrerschein hat er hier gemacht.<\/p>\n<p><strong>In Oelde?<\/strong><\/p>\n<p>Ja, den hat er hier gemacht. Zweimal (lacht)! Zweimal musste er los! Und nachher war er ja Fahrer gewesen, bei Westfalia. Da hat er wohl den Chef hin und wieder mal fahren d\u00fcrfen oder irgend sowas\u2026. Menschlich war der Rahn prima. So\u2019n Kumpel! Menschlich gesehen ein ganz wunderbarer Mensch. Hat immer mit den Kindern gespielt. War ja mal beim Jubil\u00e4umsspiel hier und hat auch noch den Ansto\u00df gemacht. Aber wie dann die W\u00e4hrung kam, da ging das mit dem Geld los, da ist der wieder gegangen. Und dann hat er Pech gehabt, weil er hat ja gerne diesen hier (macht Trinkgeste) gemacht, das hat er ja nicht d\u00fcrfen.<\/p>\n<p><strong>Wie kam das eigentlich, dass so ein Ausnahmespieler wie Rahn sich zum SCO verirrt hat? Das war zwar noch etliche Jahre vor der WM &#8217;54, aber trotzdem\u2026<\/strong><\/p>\n<p>Der ist hier cherne hingekommen, weil der hier was zu essen bekommen hat in Oelde. Damals, da waren das ja Werte! Wenn du da ein Schwein gekriegt hast\u2026 &#8211; die Oelder haben ja damals auch seine Eltern versorgt\u2026<\/p>\n<p><strong>Sie meinen, der SCO hat Rahn mit Schweinen \u201egekauft\u201c?<\/strong><\/p>\n<p>Ja, es gab ja nichts zu essen zu der Zeit. Da haben die Eltern vom Rahn in Essen, von Oelde aus, \u2013 das darf man eigentlich nicht sagen \u2013 haben die Kartoffeln gekriegt. Die haben ein Schwein gekriegt. Um den Rahn zu halten, haben\u00a0die Oelder dem Rahn\u00a0seine Eltern versorgt.<\/p>\n<p><strong>Da haben die Oelder\u00a0Rahns Eltern\u00a0Kartoffeln nach Essen geschickt?<\/strong><\/p>\n<p>Ja selbstverst\u00e4ndlich! Die haben alles gekriegt. Das waren aber nicht nur Schweine und Kartoffeln, dem haben se auch sonst was zucheschoben. Das m\u00f6chte ich aber nicht, dass das in der Zeitung gedruckt wird\u2026. &#8211; Es waren ja einige G\u00f6nner da in Oelde. Der <a href=\"http:\/\/www.diedrahtweber.de\/\">Haver<\/a> hat viel getan. Rudolf Haver hat den Verein hochgehalten, das muss man sagen. Der Haver war ja mit dem Rahn auch in Bern. Der hat den da noch getroffen.<\/p>\n<p><strong>Und Sie meinen, da hat der Haver dem Rahn mal ein Schwein zugesteckt?<\/strong><\/p>\n<p>Dat war nicht nur mal &#8217;n Schwein, der hat von so vielen was gekriegt. Aber das war ja der ganze Kohlenpott. Da kam ja der ganze Kohlenpott hierhin zum Betteln. Da kamen die mit Z\u00fcgen, und wenn die dann zuhause ankamen, haben sie denen das noch wieder weggeholt. Die haben hier Pflaumen geholt und Kartoffeln geholt.<\/p>\n<p><strong>Sie sind nach dem Krieg wieder SCO-Mitglied geworden und haben auch Rahns aktive Zeit miterlebt. War Rahn schon damals ein Held?<\/strong><\/p>\n<p>Ich erinnere mich noch: Oelde hat gegen Katernberg gespielt. Die waren ja alle so begeistert vom Helmut Rahn, da spielten die Sonntags in G\u00fctersloh. 2:1 f\u00fcr Oelde. Rahn schoss beide Tore. Da sind die mit Fahrr\u00e4dern alle hin, Kinder mit Fahrr\u00e4dern, Autos gab\u2019s ja kaum, bis Ch\u00fctersloh gefahren. Ich bin selbst auch dagewesen. Ich bin auch mit dem Fahrrad nach G\u00fctersloh gefahren. Und der Rahn schoss aus allen Lagen, aus allen Rohren schoss der!<\/p>\n<p><strong>Sind die SCO-Fans damals zu den Ausw\u00e4rtspielen immer mit dem Fahrrad gefahren?<\/strong><\/p>\n<p>Nicht immer. Nicht alle. Aber ich hab fr\u00fcher selbst chefahren zu der Zeit, wie keine Autos da waren. Ich war ja an der Autobahnmeisterei, und unser Chef war zweiter Vorsitzender vom SCO, und da fuhr die Autobahnmeisterei auch zu den Ausw\u00e4rtsspielen. Wir hatten einen LKW mit Holzvergaser, und aus \u201eDer Geist\u201c fuhr auch immer einer einen LKW mit Holzvergaser, da kam noch ein Anh\u00e4nger hinter mit Stangen oben, so\u00a0dass die Leute da nicht runterfliegen, und dann fuhren wir los. Und ich hab meist kassiert. Ich war Kassierer, damit wir so\u2019n bisschen Fahrtgeld zusammenkriegten. Die Sitzb\u00e4nke, die kamen von der Auobahnmeisterei, das waren fr\u00fcher Leitplanken von der Autobahn gewesen. Die hab ich da selbst noch mit hingefahren. Das war alles &#8217;ne Schieberei\u2026<\/p>\n<figure id=\"attachment_1180\" aria-describedby=\"caption-attachment-1180\" style=\"width: 587px\" class=\"wp-caption alignnone\"><img loading=\"lazy\" decoding=\"async\" class=\"wp-image-1180\" src=\"http:\/\/scoelde09.de\/wp-content\/uploads\/2018\/01\/Anh\u00e4nger-des-SCO-vor-der-Abfahrt-nach-Ahlen-1952-300x222.jpg\" alt=\"\" width=\"587\" height=\"435\" srcset=\"http:\/\/scoelde09.de\/wp-content\/uploads\/2018\/01\/Anh\u00e4nger-des-SCO-vor-der-Abfahrt-nach-Ahlen-1952-300x222.jpg 300w, http:\/\/scoelde09.de\/wp-content\/uploads\/2018\/01\/Anh\u00e4nger-des-SCO-vor-der-Abfahrt-nach-Ahlen-1952-768x569.jpg 768w, http:\/\/scoelde09.de\/wp-content\/uploads\/2018\/01\/Anh\u00e4nger-des-SCO-vor-der-Abfahrt-nach-Ahlen-1952-1024x759.jpg 1024w, http:\/\/scoelde09.de\/wp-content\/uploads\/2018\/01\/Anh\u00e4nger-des-SCO-vor-der-Abfahrt-nach-Ahlen-1952.jpg 1069w\" sizes=\"auto, (max-width: 587px) 85vw, 587px\" \/><figcaption id=\"caption-attachment-1180\" class=\"wp-caption-text\">Quelle: Kuhlbusch, Maria: Oelde, Die Reihe Archivbilder<\/figcaption><\/figure>\n<p><strong>Nach so langer Treue zum SCO, &#8211; wie haben Sie eigentlich die Fusion 1990 erlebt? Immerhin waren der SCO und Eintracht vor der Fusion Rivalen.<\/strong><\/p>\n<p>Eintracht? Das gab\u2019s zu meiner Zeit noch gar nicht. Aber da w\u00e4r ich auch nicht hingegangen. Eintracht lag mir nicht so. Deshalb hab ich das fr\u00fcher mit der Fusion nicht haben k\u00f6nnen, aber heute hat man sich dran chew\u00f6hnt.<\/p>\n<p><strong>Lieber Herr Uthoff, vielen Dank f\u00fcr dieses Interview!<\/strong><\/p>\n<p><em><br \/>\n<\/em><\/p>\n","protected":false},"excerpt":{"rendered":"<p>&#8222;DER Rahn war immer nur eis am lutschen. arbeiten hatte der keine laune dran.&#8220; Interview mit Albert Uthoff (1916 &#8211; 2017) aus dem Jahr 2006 Albert Uthoff hat den\u00a0SCO seit den sp\u00e4ten 20er Jahren bis zur\u00a0 Fusion mit Eintracht Oelde zur \u201eSpielvereinigung Oelde\u201c 1990 begleitet. Der im Jahr 2017 verstorbene Uthoff hat in seiner Jugend &hellip; <a href=\"http:\/\/scoelde09.de\/?page_id=143\" class=\"more-link\"><span class=\"screen-reader-text\">\u201eINTERVIEW\u201c <\/span>weiterlesen<\/a><\/p>\n","protected":false},"author":1,"featured_media":0,"parent":0,"menu_order":0,"comment_status":"closed","ping_status":"closed","template":"","meta":{"footnotes":""},"class_list":["post-143","page","type-page","status-publish","hentry"],"_links":{"self":[{"href":"http:\/\/scoelde09.de\/index.php?rest_route=\/wp\/v2\/pages\/143","targetHints":{"allow":["GET"]}}],"collection":[{"href":"http:\/\/scoelde09.de\/index.php?rest_route=\/wp\/v2\/pages"}],"about":[{"href":"http:\/\/scoelde09.de\/index.php?rest_route=\/wp\/v2\/types\/page"}],"author":[{"embeddable":true,"href":"http:\/\/scoelde09.de\/index.php?rest_route=\/wp\/v2\/users\/1"}],"replies":[{"embeddable":true,"href":"http:\/\/scoelde09.de\/index.php?rest_route=%2Fwp%2Fv2%2Fcomments&post=143"}],"version-history":[{"count":45,"href":"http:\/\/scoelde09.de\/index.php?rest_route=\/wp\/v2\/pages\/143\/revisions"}],"predecessor-version":[{"id":1184,"href":"http:\/\/scoelde09.de\/index.php?rest_route=\/wp\/v2\/pages\/143\/revisions\/1184"}],"wp:attachment":[{"href":"http:\/\/scoelde09.de\/index.php?rest_route=%2Fwp%2Fv2%2Fmedia&parent=143"}],"curies":[{"name":"wp","href":"https:\/\/api.w.org\/{rel}","templated":true}]}}