{"id":180,"date":"2016-10-14T22:11:42","date_gmt":"2016-10-14T22:11:42","guid":{"rendered":"http:\/\/scoelde09.de\/?page_id=180"},"modified":"2018-01-28T17:31:49","modified_gmt":"2018-01-28T17:31:49","slug":"sco-das-video","status":"publish","type":"page","link":"http:\/\/scoelde09.de\/?page_id=180","title":{"rendered":"VIDEO"},"content":{"rendered":"<p>In den Katakomben des SCO-Archivs ist in diesem Jahr ein l\u00e4ngst verschollen geglaubtes <em><strong>VIDEO<\/strong><\/em> aufgetaucht, das die Moorwiese samt Clubheim im Jahre 2006 zeigt, kurz vor dem Abriss.<\/p>\n<p>Das Pr\u00e4sidium des SCO hat beantragt, das ca. 30-sek\u00fcndige Dokument in die Liste des UNESCO-Weltkulturerbes aufzunehmen.<\/p>\n<p>Hier ist der wehm\u00fctige Rundumblick:<\/p>\n<p><a href=\"http:\/\/scoelde09.de\/wp-content\/uploads\/2018\/01\/Die-Moorwiese-im-Oktober-2006.wmv\">Die Moorwiese im Oktober 2006<\/a><\/p>\n","protected":false},"excerpt":{"rendered":"<p>In den Katakomben des SCO-Archivs ist in diesem Jahr ein l\u00e4ngst verschollen geglaubtes VIDEO aufgetaucht, das die Moorwiese samt Clubheim im Jahre 2006 zeigt, kurz vor dem Abriss. Das Pr\u00e4sidium des SCO hat beantragt, das ca. 30-sek\u00fcndige Dokument in die Liste des UNESCO-Weltkulturerbes aufzunehmen. Hier ist der wehm\u00fctige Rundumblick: Die Moorwiese im Oktober 2006<\/p>\n","protected":false},"author":1,"featured_media":0,"parent":0,"menu_order":0,"comment_status":"closed","ping_status":"closed","template":"","meta":{"footnotes":""},"class_list":["post-180","page","type-page","status-publish","hentry"],"_links":{"self":[{"href":"http:\/\/scoelde09.de\/index.php?rest_route=\/wp\/v2\/pages\/180","targetHints":{"allow":["GET"]}}],"collection":[{"href":"http:\/\/scoelde09.de\/index.php?rest_route=\/wp\/v2\/pages"}],"about":[{"href":"http:\/\/scoelde09.de\/index.php?rest_route=\/wp\/v2\/types\/page"}],"author":[{"embeddable":true,"href":"http:\/\/scoelde09.de\/index.php?rest_route=\/wp\/v2\/users\/1"}],"replies":[{"embeddable":true,"href":"http:\/\/scoelde09.de\/index.php?rest_route=%2Fwp%2Fv2%2Fcomments&post=180"}],"version-history":[{"count":14,"href":"http:\/\/scoelde09.de\/index.php?rest_route=\/wp\/v2\/pages\/180\/revisions"}],"predecessor-version":[{"id":983,"href":"http:\/\/scoelde09.de\/index.php?rest_route=\/wp\/v2\/pages\/180\/revisions\/983"}],"wp:attachment":[{"href":"http:\/\/scoelde09.de\/index.php?rest_route=%2Fwp%2Fv2%2Fmedia&parent=180"}],"curies":[{"name":"wp","href":"https:\/\/api.w.org\/{rel}","templated":true}]}}