{"id":563,"date":"2016-10-15T22:40:30","date_gmt":"2016-10-15T22:40:30","guid":{"rendered":"http:\/\/scoelde09.de\/?page_id=563"},"modified":"2022-04-03T16:27:47","modified_gmt":"2022-04-03T16:27:47","slug":"impressum-2","status":"publish","type":"page","link":"http:\/\/scoelde09.de\/?page_id=563","title":{"rendered":"IMPRESSUM"},"content":{"rendered":"<h4>SC Oelde 09 n.e.V. (= nicht mehr eingetragener Verein)<\/h4>\n<p>\u00a0<\/p>\n<p><img loading=\"lazy\" decoding=\"async\" class=\"wp-image-536 alignleft\" src=\"http:\/\/scoelde09.de\/wp-content\/uploads\/2016\/10\/Stempel-SCO-Pr\u00e4sidium-300x300.jpg\" alt=\"stempel-sco-praesidium\" width=\"297\" height=\"297\" srcset=\"http:\/\/scoelde09.de\/wp-content\/uploads\/2016\/10\/Stempel-SCO-Pr\u00e4sidium-300x300.jpg 300w, http:\/\/scoelde09.de\/wp-content\/uploads\/2016\/10\/Stempel-SCO-Pr\u00e4sidium-150x150.jpg 150w, http:\/\/scoelde09.de\/wp-content\/uploads\/2016\/10\/Stempel-SCO-Pr\u00e4sidium.jpg 340w\" sizes=\"auto, (max-width: 297px) 85vw, 297px\" \/><\/p>\n<p><strong>Vereinspr\u00e4sident:<\/strong><\/p>\n<p>Michael Bisping (8)<\/p>\n<p>Louis-Ferdinand-Stra\u00dfe 5<\/p>\n<p>50733 K\u00f6ln<\/p>\n<p>Tel.: 0221 \/ 1793 918<\/p>\n<p>michaelbisping@web.de<\/p>\n<p>\u00a0<\/p>\n<hr \/>\n<p><strong>Erster beigeordneter Beigeordneter:<\/strong><\/p>\n<p>Thorsten Fischer (11)<\/p>\n<p><strong>Ehrenmitglieder:<\/strong><\/p>\n<p>Claudia Beucker (9), Takeshi Kawasaki (2), Atsuko Kawasaki (3)<\/p>\n<p><strong>Fanbeauftragter:<\/strong><\/p>\n<p>Markus (&#8222;Moorwiese statt Gottesdienst&#8220;) H\u00fcmpel (15)<\/p>\n<p><strong>Leiter Bambini-Abteilung:<\/strong><\/p>\n<p>Ramon Fischmann<\/p>\n<p><strong>Presseattach\u00e9:<\/strong><\/p>\n<p>Wolf Larsen (14)<\/p>\n<p><strong>Rektor Kernostwestf\u00e4lische Akademie f\u00fcr Fu\u00dfballkunst und -kunde:<\/strong><\/p>\n<p>Dr. mult. u.a. in Elfm. Dirk Ashauer<\/p>\n<p><strong>Offiziell beauftragter Beauftragter zur Erstellung und pr\u00e4sidentkonformen Auslegung von Videobeweisen:<\/strong><\/p>\n<p>Goran Markovic-Schomburg (6)<\/p>\n<p><strong>Team Herren:<\/strong><\/p>\n<p>Flaskamp (4), Schwarz (5), Markovic-Schomburg (6), Wessel (7), Haak (10), Heitkamp (13), K. Ashauer (31), Werner (40), Prohl (75), Kleineidam (86)<\/p>\n<p><strong>Team Damen (Vorsitz):<\/strong><\/p>\n<p>A. R\u00fchmann (10.), B. Scheffer (10.)<\/p>\n<p><strong>Team Bambinis:<\/strong><\/p>\n<p>Karl Beucker (0,1), Enno Beucker (0,2), Elisa Fischmann (0,3), Elisa Fischer (0,4), Konrad Karis Kappeler (0,5), David Werner (0,6), Maximilian Bins\u00e4ckchen (0,7), Marlene Fischer (0,8), Niklas Muresan-Wessel (0,9), Albert von Haugwitz (0,11), Ferdi von Haugwitz (0,12), Johann Elia Scheffer (0,13)<\/p>\n<figure id=\"attachment_682\" aria-describedby=\"caption-attachment-682\" style=\"width: 636px\" class=\"wp-caption alignnone\"><img loading=\"lazy\" decoding=\"async\" class=\" wp-image-682\" src=\"http:\/\/scoelde09.de\/wp-content\/uploads\/2016\/10\/Konrad-Karis-Kappeler-Autogrammkarte-300x202.jpg\" alt=\"Nachwuchssorgen kennt der SCO nicht.\" width=\"636\" height=\"429\" srcset=\"http:\/\/scoelde09.de\/wp-content\/uploads\/2016\/10\/Konrad-Karis-Kappeler-Autogrammkarte-300x202.jpg 300w, http:\/\/scoelde09.de\/wp-content\/uploads\/2016\/10\/Konrad-Karis-Kappeler-Autogrammkarte-768x518.jpg 768w, http:\/\/scoelde09.de\/wp-content\/uploads\/2016\/10\/Konrad-Karis-Kappeler-Autogrammkarte.jpg 776w\" sizes=\"auto, (max-width: 636px) 85vw, 636px\" \/><figcaption id=\"caption-attachment-682\" class=\"wp-caption-text\">Nachwuchssorgen plagen den SCO nicht &#8211; dank einer hervorragend sortierten Bambiniabteilung<\/figcaption><\/figure>\n\n\n<p><\/p>\n","protected":false},"excerpt":{"rendered":"<p>SC Oelde 09 n.e.V. (= nicht mehr eingetragener Verein) \u00a0 Vereinspr\u00e4sident: Michael Bisping (8) Louis-Ferdinand-Stra\u00dfe 5 50733 K\u00f6ln Tel.: 0221 \/ 1793 918 michaelbisping@web.de \u00a0 Erster beigeordneter Beigeordneter: Thorsten Fischer (11) Ehrenmitglieder: Claudia Beucker (9), Takeshi Kawasaki (2), Atsuko Kawasaki (3) Fanbeauftragter: Markus (&#8222;Moorwiese statt Gottesdienst&#8220;) H\u00fcmpel (15) Leiter Bambini-Abteilung: Ramon Fischmann Presseattach\u00e9: Wolf Larsen &hellip; <a href=\"http:\/\/scoelde09.de\/?page_id=563\" class=\"more-link\"><span class=\"screen-reader-text\">\u201eIMPRESSUM\u201c <\/span>weiterlesen<\/a><\/p>\n","protected":false},"author":1,"featured_media":0,"parent":0,"menu_order":0,"comment_status":"closed","ping_status":"closed","template":"","meta":{"footnotes":""},"class_list":["post-563","page","type-page","status-publish","hentry"],"_links":{"self":[{"href":"http:\/\/scoelde09.de\/index.php?rest_route=\/wp\/v2\/pages\/563","targetHints":{"allow":["GET"]}}],"collection":[{"href":"http:\/\/scoelde09.de\/index.php?rest_route=\/wp\/v2\/pages"}],"about":[{"href":"http:\/\/scoelde09.de\/index.php?rest_route=\/wp\/v2\/types\/page"}],"author":[{"embeddable":true,"href":"http:\/\/scoelde09.de\/index.php?rest_route=\/wp\/v2\/users\/1"}],"replies":[{"embeddable":true,"href":"http:\/\/scoelde09.de\/index.php?rest_route=%2Fwp%2Fv2%2Fcomments&post=563"}],"version-history":[{"count":40,"href":"http:\/\/scoelde09.de\/index.php?rest_route=\/wp\/v2\/pages\/563\/revisions"}],"predecessor-version":[{"id":1405,"href":"http:\/\/scoelde09.de\/index.php?rest_route=\/wp\/v2\/pages\/563\/revisions\/1405"}],"wp:attachment":[{"href":"http:\/\/scoelde09.de\/index.php?rest_route=%2Fwp%2Fv2%2Fmedia&parent=563"}],"curies":[{"name":"wp","href":"https:\/\/api.w.org\/{rel}","templated":true}]}}