{"id":91,"date":"2016-10-14T19:15:56","date_gmt":"2016-10-14T19:15:56","guid":{"rendered":"http:\/\/scoelde09.de\/?page_id=91"},"modified":"2018-01-24T20:09:43","modified_gmt":"2018-01-24T20:09:43","slug":"sco-das-quiz","status":"publish","type":"page","link":"http:\/\/scoelde09.de\/?page_id=91","title":{"rendered":"DAS GROSSE SCO-JUGEND-QUIZ"},"content":{"rendered":"<figure id=\"attachment_178\" aria-describedby=\"caption-attachment-178\" style=\"width: 857px\" class=\"wp-caption alignnone\"><img loading=\"lazy\" decoding=\"async\" class=\" wp-image-178\" src=\"http:\/\/scoelde09.de\/wp-content\/uploads\/2016\/10\/Fu\u00dfball-S\u00fcnninghausen2-300x211.jpg\" alt=\"Quizfrage: Wer befindet sich auf diesem Bild von einem Turnier in S\u00fcnninghausen? Antwort: Spieler von links nach rechts: Frank R\u00fcckert, \" width=\"857\" height=\"603\" srcset=\"http:\/\/scoelde09.de\/wp-content\/uploads\/2016\/10\/Fu\u00dfball-S\u00fcnninghausen2-300x211.jpg 300w, http:\/\/scoelde09.de\/wp-content\/uploads\/2016\/10\/Fu\u00dfball-S\u00fcnninghausen2-768x540.jpg 768w, http:\/\/scoelde09.de\/wp-content\/uploads\/2016\/10\/Fu\u00dfball-S\u00fcnninghausen2-1024x720.jpg 1024w, http:\/\/scoelde09.de\/wp-content\/uploads\/2016\/10\/Fu\u00dfball-S\u00fcnninghausen2-1200x844.jpg 1200w, http:\/\/scoelde09.de\/wp-content\/uploads\/2016\/10\/Fu\u00dfball-S\u00fcnninghausen2.jpg 1346w\" sizes=\"auto, (max-width: 709px) 85vw, (max-width: 909px) 67vw, (max-width: 1362px) 62vw, 840px\" \/><figcaption id=\"caption-attachment-178\" class=\"wp-caption-text\">Eine Quizfrage vorweg: Wer befindet sich auf diesem Bild von einem Turnier in S\u00fcnninghausen? Antwort (Spieler von links nach rechts): Frank R\u00fcckert, Carsten Lautenbach, Andre Nienaber, Oliver Heitkamp, Thorsten Fischer, Bernd Ewald, Ingo Lauk\u00f6tter, Roland Sch\u00f6ning, Isabel Heitkamp (Groupie), Rainer Flaskamp, Michael Bisping. (Im Hintergrund: Heinz Elker, Anton Hennerkes)<\/figcaption><\/figure>\n<h3><strong>1. Wo hinein guckte man, um den Treffpunkt f\u00fcr Ausw\u00e4rtsspiele in Erfahrung zu bringe<\/strong>n?<\/h3>\n<p>a) In den Kasten<\/p>\n<p>b) In die R\u00f6hre<\/p>\n<p>c) In &#8222;Die Glocke&#8220;<\/p>\n<h3><strong>2. Welchen Rat musste jeder SCO-Verteidiger unbedingt befolgen?<\/strong><\/h3>\n<p>a) \u201eWenn der aufs Tor zul\u00e4uft, nietest Du ihn um!\u201c<\/p>\n<p>b) \u201eUnd wenn der aufs Klo geht, dann gehst Du mit!\u201c<\/p>\n<p>c) \u201eUnd wenn der zu Frau Heyland geht und sich ein Malzbier f\u00fcr einszehn holt, sagste ihm, soller mir eins mitbringen!&#8220;<\/p>\n<h3><strong>3. Welche Spielstrategie bevorzugte Jugendgesch\u00e4ftsf\u00fchrer Anton Hennerkes<\/strong><\/h3>\n<p>a) \u201eRechtshin!\u201c<\/p>\n<p>b) \u201eLinkshin!\u201c<\/p>\n<p>c) \u201eAb durch die Mitte hin!\u201c<\/p>\n<h3><strong>4. Wie muss der ber\u00fchmte Anfeuerungsruf &#8222;Druff uffe Kiste&#8230;&#8220; von Anton Hennerkes vervollst\u00e4ndigt werden?<\/strong><\/h3>\n<p>a) &#8222;&#8230;. ratzfatz!&#8220;<\/p>\n<p>b) &#8222;&#8230; hinhin!&#8220;<\/p>\n<p>c) &#8222;&#8230;druffdruff!&#8220;<\/p>\n<h3><strong>5. Wer war in den 80er Jahren der beste und beliebteste Jugendtrainer?<\/strong><\/h3>\n<p>a) Hans-Hermann Becker<\/p>\n<p>b) Hansi Becker<\/p>\n<p>c) Hansi<\/p>\n<h3><strong>6. Was drohte Hansi Becker uns stets strubbelig zu hauen?<\/strong><\/h3>\n<p>a) Die F\u00fc\u00dfe<\/p>\n<p>b) Die Ferse<\/p>\n<p>c) Die Ohren<\/p>\n<h3><strong>7. \u00dcber welchen strategischen Vorteil freute sich jeden Sonntag Jochen Glaubitz?<\/strong><\/h3>\n<p>a) \u201eDer kann nix!!&#8220;\u201c<\/p>\n<p>b) \u201eUnterzaaaaahl!\u201c<\/p>\n<p>c) \u201e\u00dcberzaaaaaahl!\u201c<\/p>\n<h3><strong>8. Wohin musste stets der Oberk\u00f6rper?<\/strong><\/h3>\n<p>a) Unter die Dusche<\/p>\n<p>b) Linkshin<\/p>\n<p>c) \u00dcber&#8217;n Ball<\/p>\n<h3><strong>9. Ab wo musste immer draufgemetert werden?<\/strong><\/h3>\n<p>a) Ab Sechszehner<\/p>\n<p>b) Ab Mittellinie<\/p>\n<p>c) Ab sofort!<\/p>\n<h3><strong>10. Wer wird Deutscher Meister?<\/strong><\/h3>\n<p>a) Eintracht Braunschweig<\/p>\n<p>b) Eintracht Oelde<\/p>\n<p>c) &#8222;Die B-Jugend des SC Oelde&#8220;<\/p>\n<h3><strong>11. Mit welcher Musik motivierte uns Ernst Driemer vor Ausw\u00e4rtsspielen bis in die Haarspitzen?<\/strong><\/h3>\n<p>a) Kastelruther Spatzen<\/p>\n<p>b) Scorpions<\/p>\n<p>c) Jennifer Rush<\/p>\n<h3><strong>12. In welchem Auto fand diese Motivation statt?<\/strong><\/h3>\n<p>a) VW K\u00e4fer<\/p>\n<p>b) Ford Scorpio<\/p>\n<p>c) Opel Kadett<\/p>\n<h3><strong>13. Wer spielte von der E- bis zur A-Jugend beim SCO, schoss w\u00e4hrend dieser Zeit ca. 10 Elfmeter in Pflichtspielen und versenkte davon keinen einzigen?<\/strong><\/h3>\n<p>a) Oliver Heitkamp<\/p>\n<p>b) Thorsten Fischer<\/p>\n<p>c) Michael Bisping<\/p>\n<h3><strong>14. Was war nach dem Training stets das Sch\u00f6nste?<\/strong><\/h3>\n<p>a) Die vom Gr\u00e4tschen auf dem Ascheplatz hervorgerufenen riesengro\u00dfen n\u00e4ssenden Wunden am Oberschenkel voller Aschekr\u00fcmel, die dann noch tagelang an der Schlafanzugbuchse klebten und selbst mit Unmengen Puder nicht trockenzulegen waren<\/p>\n<p>b) Auf der \u201eBr\u00fccke\u201c mit Groschke und Lautenbach heimlich eine rauchen<\/p>\n<p>c) Das Malzbier f\u00fcr einszehn aus den H\u00e4nden von Frau Heyland<\/p>\n<p>&nbsp;<\/p>\n<p><em>Antworten: 1 a; 2b; 3b; 4c; 5a-c; 6c; 7c; 8b; 9a; 10c; 11c; 12b; 13c; 14 b-c (besonders aber c)<br \/>\n<\/em><\/p>\n","protected":false},"excerpt":{"rendered":"<p>1. Wo hinein guckte man, um den Treffpunkt f\u00fcr Ausw\u00e4rtsspiele in Erfahrung zu bringen? a) In den Kasten b) In die R\u00f6hre c) In &#8222;Die Glocke&#8220; 2. Welchen Rat musste jeder SCO-Verteidiger unbedingt befolgen? a) \u201eWenn der aufs Tor zul\u00e4uft, nietest Du ihn um!\u201c b) \u201eUnd wenn der aufs Klo geht, dann gehst Du mit!\u201c &hellip; <a href=\"http:\/\/scoelde09.de\/?page_id=91\" class=\"more-link\"><span class=\"screen-reader-text\">\u201eDAS GROSSE SCO-JUGEND-QUIZ\u201c <\/span>weiterlesen<\/a><\/p>\n","protected":false},"author":1,"featured_media":0,"parent":0,"menu_order":0,"comment_status":"closed","ping_status":"closed","template":"","meta":{"footnotes":""},"class_list":["post-91","page","type-page","status-publish","hentry"],"_links":{"self":[{"href":"http:\/\/scoelde09.de\/index.php?rest_route=\/wp\/v2\/pages\/91","targetHints":{"allow":["GET"]}}],"collection":[{"href":"http:\/\/scoelde09.de\/index.php?rest_route=\/wp\/v2\/pages"}],"about":[{"href":"http:\/\/scoelde09.de\/index.php?rest_route=\/wp\/v2\/types\/page"}],"author":[{"embeddable":true,"href":"http:\/\/scoelde09.de\/index.php?rest_route=\/wp\/v2\/users\/1"}],"replies":[{"embeddable":true,"href":"http:\/\/scoelde09.de\/index.php?rest_route=%2Fwp%2Fv2%2Fcomments&post=91"}],"version-history":[{"count":24,"href":"http:\/\/scoelde09.de\/index.php?rest_route=\/wp\/v2\/pages\/91\/revisions"}],"predecessor-version":[{"id":977,"href":"http:\/\/scoelde09.de\/index.php?rest_route=\/wp\/v2\/pages\/91\/revisions\/977"}],"wp:attachment":[{"href":"http:\/\/scoelde09.de\/index.php?rest_route=%2Fwp%2Fv2%2Fmedia&parent=91"}],"curies":[{"name":"wp","href":"https:\/\/api.w.org\/{rel}","templated":true}]}}